{"id":674,"date":"2014-06-25T11:31:00","date_gmt":"2014-06-25T15:31:00","guid":{"rendered":"http:\/\/katharineobrien.ca\/?page_id=674"},"modified":"2025-03-03T15:38:51","modified_gmt":"2025-03-03T20:38:51","slug":"home","status":"publish","type":"page","link":"https:\/\/katharineobrien.ca\/fr\/","title":{"rendered":""},"content":{"rendered":"<div class=\"wp-block-columns is-layout-flex wp-container-core-columns-is-layout-9d6595d7 wp-block-columns-is-layout-flex\">\n<div class=\"wp-block-column is-layout-flow wp-block-column-is-layout-flow\" style=\"flex-basis:33.33%\"><\/div>\n\n\n\n<div class=\"wp-block-column is-layout-flow wp-block-column-is-layout-flow\" style=\"flex-basis:66.66%\">\n<h2 class=\"wp-block-heading\">\u00c0 propos<\/h2>\n<\/div>\n<\/div>\n\n\n\n<div class=\"wp-block-columns is-layout-flex wp-container-core-columns-is-layout-9d6595d7 wp-block-columns-is-layout-flex\">\n<div class=\"wp-block-column is-layout-flow wp-block-column-is-layout-flow\" style=\"flex-basis:33.33%\">\n<figure class=\"wp-block-image size-full\"><a href=\"https:\/\/i0.wp.com\/katharineobrien.ca\/wp-content\/uploads\/2021\/05\/239B7A42-6C92-486F-9745-A8ABF6FDEE84-e1621174759674.jpg?ssl=1\"><img data-recalc-dims=\"1\" loading=\"lazy\" decoding=\"async\" width=\"624\" height=\"457\" src=\"https:\/\/i0.wp.com\/katharineobrien.ca\/wp-content\/uploads\/2021\/05\/239B7A42-6C92-486F-9745-A8ABF6FDEE84-e1621174759674.jpg?resize=624%2C457&#038;ssl=1\" alt=\"\" class=\"wp-image-1126\" srcset=\"https:\/\/i0.wp.com\/katharineobrien.ca\/wp-content\/uploads\/2021\/05\/239B7A42-6C92-486F-9745-A8ABF6FDEE84-e1621174759674.jpg?w=624&amp;ssl=1 624w, https:\/\/i0.wp.com\/katharineobrien.ca\/wp-content\/uploads\/2021\/05\/239B7A42-6C92-486F-9745-A8ABF6FDEE84-e1621174759674.jpg?resize=300%2C220&amp;ssl=1 300w\" sizes=\"auto, (max-width: 624px) 100vw, 624px\" \/><\/a><\/figure>\n<\/div>\n\n\n\n<div class=\"wp-block-column is-layout-flow wp-block-column-is-layout-flow\" style=\"flex-basis:66.66%\">\n<p>Je suis une strat\u00e8ge bilingue en communication et en affaires publiques, experte en gestion de la r\u00e9putation, en relations avec les parties prenantes et en cr\u00e9ation de contenu \u00e0 fort impact. En tant que conteuse passionn\u00e9e et professionnelle du multim\u00e9dia, j'ai une dizaine d'ann\u00e9es d'exp\u00e9rience dans l'utilisation de la narration pour stimuler l'innovation, susciter l'engagement et \u00e9lever les marques. Actuellement, je contribue \u00e0 <strong><em>Mitacs<\/em><\/strong> en tant que <em>Sp\u00e9cialiste principale des communications et affaires publiques<\/em>, o\u00f9 je mets \u00e0 profit mon expertise en mati\u00e8re d'affaires publiques et de relations gouvernementales pour \u00e9laborer des r\u00e9cits convaincants sur de multiples plates-formes. J'ai fait mes preuves en mati\u00e8re de positionnement strat\u00e9gique des organisations et de mobilisation des partenaires gouvernementaux et industriels. Je me consacre \u00e9galement au d\u00e9veloppement de l'\u00e9quipe et \u00e0 l'optimisation des processus de communication, en cherchant toujours des moyens d'am\u00e9liorer l'efficacit\u00e9 et l'impact.<\/p>\n<\/div>\n<\/div>\n\n\n\n<figure class=\"wp-block-embed aligncenter is-type-video is-provider-youtube wp-block-embed-youtube wp-embed-aspect-16-9 wp-has-aspect-ratio\"><div class=\"wp-block-embed__wrapper\">\n<iframe loading=\"lazy\" title=\"Mitacs : l&#039;organisation canadienne de l&#039;innovation\" width=\"1040\" height=\"585\" src=\"https:\/\/www.youtube.com\/embed\/NPCCV8U7CuI?feature=oembed\" frameborder=\"0\" allow=\"accelerometer; autoplay; clipboard-write; encrypted-media; gyroscope; picture-in-picture; web-share\" referrerpolicy=\"strict-origin-when-cross-origin\" allowfullscreen><\/iframe>\n<\/div><\/figure>","protected":false},"excerpt":{"rendered":"<p>About I\u2019m a bilingual communications and public affairs strategist with<span class=\"more-button\"><a href=\"https:\/\/katharineobrien.ca\/fr\/\" class=\"more-link\">Continue reading<span class=\"screen-reader-text\"><\/span><\/a><\/span><\/p>","protected":false},"author":1,"featured_media":0,"parent":0,"menu_order":0,"comment_status":"closed","ping_status":"open","template":"templates\/full-width-page.php","meta":{"_monsterinsights_skip_tracking":false,"_monsterinsights_sitenote_active":false,"_monsterinsights_sitenote_note":"","_monsterinsights_sitenote_category":0,"footnotes":""},"class_list":["post-674","page","type-page","status-publish","hentry"],"jetpack_sharing_enabled":true,"_links":{"self":[{"href":"https:\/\/katharineobrien.ca\/fr\/wp-json\/wp\/v2\/pages\/674","targetHints":{"allow":["GET"]}}],"collection":[{"href":"https:\/\/katharineobrien.ca\/fr\/wp-json\/wp\/v2\/pages"}],"about":[{"href":"https:\/\/katharineobrien.ca\/fr\/wp-json\/wp\/v2\/types\/page"}],"author":[{"embeddable":true,"href":"https:\/\/katharineobrien.ca\/fr\/wp-json\/wp\/v2\/users\/1"}],"replies":[{"embeddable":true,"href":"https:\/\/katharineobrien.ca\/fr\/wp-json\/wp\/v2\/comments?post=674"}],"version-history":[{"count":130,"href":"https:\/\/katharineobrien.ca\/fr\/wp-json\/wp\/v2\/pages\/674\/revisions"}],"predecessor-version":[{"id":1606,"href":"https:\/\/katharineobrien.ca\/fr\/wp-json\/wp\/v2\/pages\/674\/revisions\/1606"}],"wp:attachment":[{"href":"https:\/\/katharineobrien.ca\/fr\/wp-json\/wp\/v2\/media?parent=674"}],"curies":[{"name":"wp","href":"https:\/\/api.w.org\/{rel}","templated":true}]}}