{"id":1443,"date":"2024-04-08T17:25:43","date_gmt":"2024-04-08T21:25:43","guid":{"rendered":"https:\/\/katharineobrien.ca\/?page_id=1443"},"modified":"2024-04-11T21:55:16","modified_gmt":"2024-04-12T01:55:16","slug":"print-articles","status":"publish","type":"page","link":"https:\/\/katharineobrien.ca\/fr\/print-articles\/","title":{"rendered":"Publications"},"content":{"rendered":"<h3 class=\"wp-block-heading\">Articles<\/h3>\n\n\n\n<ul class=\"wp-block-list\"><li><a href=\"https:\/\/www.mitacs.ca\/fr-ca\/nos-perspectives-d-innovation\/theron-ev-faconner-l-avenir-de-la-mobilite-durable\/\" target=\"_blank\" rel=\"noreferrer noopener\">Theron EV : Fa\u00e7onner l'avenir de la mobilit\u00e9 durable<\/a><\/li><li><a href=\"https:\/\/www.mitacs.ca\/fr-ca\/nos-perspectives-d-innovation\/soins-de-sante-pour-la-famille-repenses\/\" target=\"_blank\" rel=\"noreferrer noopener\">Soins de sant\u00e9 pour la famille repens\u00e9s<\/a><\/li><li><a href=\"https:\/\/www.mitacs.ca\/fr-ca\/nos-perspectives-d-innovation\/une-diplomee-en-sciences-de-la-vision-fait-progresser-une-technologie-inclusive\/\" target=\"_blank\" rel=\"noreferrer noopener\">Une dipl\u00f4m\u00e9e en sciences de la vision fait progresser une technologie inclusive<\/a><\/li><li><a href=\"https:\/\/www.mitacs.ca\/fr-ca\/nos-perspectives-d-innovation\/investir-dans-la-recherche-pour-lequite-economique\/\">In<\/a><a rel=\"noreferrer noopener\" href=\"https:\/\/www.mitacs.ca\/fr-ca\/nos-perspectives-d-innovation\/investir-dans-la-recherche-pour-lequite-economique\/\" target=\"_blank\">vestir dans la recherche, pour l'\u00e9quit\u00e9 \u00e9conomique<\/a><\/li><li><a rel=\"noreferrer noopener\" href=\"https:\/\/www.mitacs.ca\/fr-ca\/nos-perspectives-d-innovation\/leveraging-ai-to-enhance-the-lives-of-toronto-zoo-residents\/\" target=\"_blank\">Exploiter l\u2019IA pour am\u00e9liorer la qualit\u00e9 de vie des pensionnaires du zoo de Toronto<\/a><\/li><li><a rel=\"noreferrer noopener\" href=\"https:\/\/www.mitacs.ca\/fr-ca\/nos-perspectives-d-innovation\/the-internet-of-the-future-is-closer-than-we-think\/\" target=\"_blank\">L\u2019Internet du futur est plus proche que nous ne le pensons<\/a><\/li><li><a rel=\"noreferrer noopener\" href=\"https:\/\/www.mitacs.ca\/fr-ca\/nos-perspectives-d-innovation\/queering-canadas-tech-ecosystem-community-based-research-on-lived-experiences\/\" target=\"_blank\">Un \u00e9cosyst\u00e8me technologique plus queer : recherche communautaire sur le v\u00e9cu<\/a><\/li><li><a rel=\"noreferrer noopener\" href=\"https:\/\/www.mitacs.ca\/fr-ca\/nos-perspectives-d-innovation\/the-covid-19-pandemic-its-also-a-mental-health-issue-3\/\" target=\"_blank\">La pand\u00e9mie de COVID-19, c\u2019est aussi un enjeu de sant\u00e9 mentale<\/a><\/li><li><a rel=\"noreferrer noopener\" href=\"https:\/\/www.mitacs.ca\/fr-ca\/nos-perspectives-d-innovation\/mobilizing-multidisciplinary-research-to-support-health-equity-3\/\" target=\"_blank\">Mobiliser la recherche multidisciplinaire pour soutenir l\u2019\u00e9quit\u00e9 en mati\u00e8re de sant\u00e9<\/a><\/li><li><a rel=\"noreferrer noopener\" href=\"https:\/\/www.mitacs.ca\/fr-ca\/nos-perspectives-d-innovation\/montreal-start-up-takes-the-guess-work-out-of-pediatric-care-3\/\" target=\"_blank\">Une entreprise en d\u00e9marrage de Montr\u00e9al am\u00e9liore la pr\u00e9cision des soins p\u00e9diatriques<\/a><\/li><li><a rel=\"noreferrer noopener\" href=\"https:\/\/www.mitacs.ca\/fr-ca\/nos-perspectives-d-innovation\/nothing-about-us-without-us-indigenous-data-sovereignty-3\/\" target=\"_blank\">Rien sur nous, sans nous : la souverainet\u00e9 des donn\u00e9es autochtones<\/a><\/li><\/ul>\n\n\n\n<p><\/p>","protected":false},"excerpt":{"rendered":"<p>Articles Theron EV: Shaping the future of sustainable mobility Family<span class=\"more-button\"><a href=\"https:\/\/katharineobrien.ca\/fr\/print-articles\/\" class=\"more-link\">Continue reading<span class=\"screen-reader-text\">Publications<\/span><\/a><\/span><\/p>","protected":false},"author":1,"featured_media":0,"parent":0,"menu_order":0,"comment_status":"closed","ping_status":"closed","template":"","meta":{"_monsterinsights_skip_tracking":false,"_monsterinsights_sitenote_active":false,"_monsterinsights_sitenote_note":"","_monsterinsights_sitenote_category":0,"footnotes":""},"class_list":["post-1443","page","type-page","status-publish","hentry"],"jetpack_sharing_enabled":true,"_links":{"self":[{"href":"https:\/\/katharineobrien.ca\/fr\/wp-json\/wp\/v2\/pages\/1443","targetHints":{"allow":["GET"]}}],"collection":[{"href":"https:\/\/katharineobrien.ca\/fr\/wp-json\/wp\/v2\/pages"}],"about":[{"href":"https:\/\/katharineobrien.ca\/fr\/wp-json\/wp\/v2\/types\/page"}],"author":[{"embeddable":true,"href":"https:\/\/katharineobrien.ca\/fr\/wp-json\/wp\/v2\/users\/1"}],"replies":[{"embeddable":true,"href":"https:\/\/katharineobrien.ca\/fr\/wp-json\/wp\/v2\/comments?post=1443"}],"version-history":[{"count":8,"href":"https:\/\/katharineobrien.ca\/fr\/wp-json\/wp\/v2\/pages\/1443\/revisions"}],"predecessor-version":[{"id":1564,"href":"https:\/\/katharineobrien.ca\/fr\/wp-json\/wp\/v2\/pages\/1443\/revisions\/1564"}],"wp:attachment":[{"href":"https:\/\/katharineobrien.ca\/fr\/wp-json\/wp\/v2\/media?parent=1443"}],"curies":[{"name":"wp","href":"https:\/\/api.w.org\/{rel}","templated":true}]}}