{"id":1438,"date":"2024-04-08T17:24:17","date_gmt":"2024-04-08T21:24:17","guid":{"rendered":"https:\/\/katharineobrien.ca\/?page_id=1438"},"modified":"2024-09-30T10:12:06","modified_gmt":"2024-09-30T14:12:06","slug":"video","status":"publish","type":"page","link":"https:\/\/katharineobrien.ca\/fr\/video\/","title":{"rendered":"Vid\u00e9o"},"content":{"rendered":"<figure class=\"wp-block-embed aligncenter is-type-video is-provider-youtube wp-block-embed-youtube wp-embed-aspect-16-9 wp-has-aspect-ratio\"><div class=\"wp-block-embed__wrapper\">\n<iframe loading=\"lazy\" title=\"Mitacs : l&#039;organisation canadienne de l&#039;innovation\" width=\"1040\" height=\"585\" src=\"https:\/\/www.youtube.com\/embed\/NPCCV8U7CuI?feature=oembed\" frameborder=\"0\" allow=\"accelerometer; autoplay; clipboard-write; encrypted-media; gyroscope; picture-in-picture; web-share\" referrerpolicy=\"strict-origin-when-cross-origin\" allowfullscreen><\/iframe>\n<\/div><\/figure>\n\n\n\n<div class=\"wp-block-columns is-layout-flex wp-container-core-columns-is-layout-9d6595d7 wp-block-columns-is-layout-flex\">\n<div class=\"wp-block-column is-layout-flow wp-block-column-is-layout-flow\">\n<figure class=\"wp-block-embed is-type-video is-provider-youtube wp-block-embed-youtube wp-embed-aspect-16-9 wp-has-aspect-ratio\"><div class=\"wp-block-embed__wrapper\">\n<iframe loading=\"lazy\" title=\"IVANO Bioscience : R\u00e9volutionner le d\u00e9veloppement des vaccins\" width=\"1040\" height=\"585\" src=\"https:\/\/www.youtube.com\/embed\/C4k2SYJ_ImI?feature=oembed\" frameborder=\"0\" allow=\"accelerometer; autoplay; clipboard-write; encrypted-media; gyroscope; picture-in-picture; web-share\" referrerpolicy=\"strict-origin-when-cross-origin\" allowfullscreen><\/iframe>\n<\/div><figcaption>Cin\u00e9matographie : Katharine O\u2019Brien <br>Montage vid\u00e9o : Katharine O'Brien<\/figcaption><\/figure>\n\n\n\n<figure class=\"wp-block-embed is-type-video is-provider-youtube wp-block-embed-youtube wp-embed-aspect-16-9 wp-has-aspect-ratio\"><div class=\"wp-block-embed__wrapper\">\n<iframe loading=\"lazy\" title=\"Hydra Energy: Decarbonizing Freight Routes in Western Canada\" width=\"1040\" height=\"585\" src=\"https:\/\/www.youtube.com\/embed\/Of2b56-ziAk?feature=oembed\" frameborder=\"0\" allow=\"accelerometer; autoplay; clipboard-write; encrypted-media; gyroscope; picture-in-picture; web-share\" referrerpolicy=\"strict-origin-when-cross-origin\" allowfullscreen><\/iframe>\n<\/div><figcaption>Cin\u00e9matographie : Monique Rodrigues <br>Montage vid\u00e9o : Katharine O'Brien<\/figcaption><\/figure>\n<\/div>\n\n\n\n<div class=\"wp-block-column is-layout-flow wp-block-column-is-layout-flow\">\n<figure class=\"wp-block-embed is-type-video is-provider-youtube wp-block-embed-youtube wp-embed-aspect-16-9 wp-has-aspect-ratio\"><div class=\"wp-block-embed__wrapper\">\n<iframe loading=\"lazy\" title=\"Ribbit: Developing Canada&#039;s first autonomous cargo airline\" width=\"1040\" height=\"585\" src=\"https:\/\/www.youtube.com\/embed\/gZlJDltnl_4?feature=oembed\" frameborder=\"0\" allow=\"accelerometer; autoplay; clipboard-write; encrypted-media; gyroscope; picture-in-picture; web-share\" referrerpolicy=\"strict-origin-when-cross-origin\" allowfullscreen><\/iframe>\n<\/div><figcaption>Cin\u00e9matographie : Ribbit <br>Montage vid\u00e9o : Katharine O'Brien<\/figcaption><\/figure>\n\n\n\n<figure class=\"wp-block-embed is-type-video is-provider-youtube wp-block-embed-youtube wp-embed-aspect-16-9 wp-has-aspect-ratio\"><div class=\"wp-block-embed__wrapper\">\n<iframe loading=\"lazy\" title=\"CAPSolar : Un avenir o\u00f9 l&#039;\u00e9nergie solaire \u00e9claire notre chemin\" width=\"1040\" height=\"585\" src=\"https:\/\/www.youtube.com\/embed\/_nPe2cy8L6M?feature=oembed\" frameborder=\"0\" allow=\"accelerometer; autoplay; clipboard-write; encrypted-media; gyroscope; picture-in-picture; web-share\" referrerpolicy=\"strict-origin-when-cross-origin\" allowfullscreen><\/iframe>\n<\/div><figcaption>Cin\u00e9matographie : Katharine O\u2019Brien <br>Montage vid\u00e9o : Katharine O'Brien<\/figcaption><\/figure>\n\n\n\n<p><\/p>\n<\/div>\n<\/div>\n\n\n\n<h2 class=\"has-text-align-center wp-block-heading\">Audio<\/h2>\n\n\n\n<div class=\"wp-block-columns is-layout-flex wp-container-core-columns-is-layout-9d6595d7 wp-block-columns-is-layout-flex\">\n<div class=\"wp-block-column is-layout-flow wp-block-column-is-layout-flow\">\n<figure class=\"wp-block-embed is-type-video is-provider-youtube wp-block-embed-youtube wp-embed-aspect-16-9 wp-has-aspect-ratio\"><div class=\"wp-block-embed__wrapper\">\n<iframe loading=\"lazy\" title=\"The Edge - Episode 1: Growing Colour FULL EPISODE\" width=\"1040\" height=\"585\" src=\"https:\/\/www.youtube.com\/embed\/4k473r3VslM?feature=oembed\" frameborder=\"0\" allow=\"accelerometer; autoplay; clipboard-write; encrypted-media; gyroscope; picture-in-picture; web-share\" referrerpolicy=\"strict-origin-when-cross-origin\" allowfullscreen><\/iframe>\n<\/div><figcaption>La fine pointe - \u00c9pisode 1 : Cultiver la couleur<br>Produit par : Katharine O'Brien <\/figcaption><\/figure>\n<\/div>\n\n\n\n<div class=\"wp-block-column is-layout-flow wp-block-column-is-layout-flow\">\n<figure class=\"wp-block-embed is-type-video is-provider-youtube wp-block-embed-youtube wp-embed-aspect-16-9 wp-has-aspect-ratio\"><div class=\"wp-block-embed__wrapper\">\n<iframe loading=\"lazy\" title=\"The Edge - Episode 3: Halting Hypoglycemia FULL EPISODE\" width=\"1040\" height=\"585\" src=\"https:\/\/www.youtube.com\/embed\/GEwGqYTPjYQ?feature=oembed\" frameborder=\"0\" allow=\"accelerometer; autoplay; clipboard-write; encrypted-media; gyroscope; picture-in-picture; web-share\" referrerpolicy=\"strict-origin-when-cross-origin\" allowfullscreen><\/iframe>\n<\/div><figcaption>La fine pointe - \u00c9pisode 3 : Halte \u00e0 l'hypoglyc\u00e9mie<br>Produit par : Katharine O'Brien<\/figcaption><\/figure>\n<\/div>\n<\/div>","protected":false},"excerpt":{"rendered":"<p>Audio<\/p>","protected":false},"author":1,"featured_media":0,"parent":0,"menu_order":0,"comment_status":"closed","ping_status":"closed","template":"","meta":{"_monsterinsights_skip_tracking":false,"_monsterinsights_sitenote_active":false,"_monsterinsights_sitenote_note":"","_monsterinsights_sitenote_category":0,"footnotes":""},"class_list":["post-1438","page","type-page","status-publish","hentry"],"jetpack_sharing_enabled":true,"_links":{"self":[{"href":"https:\/\/katharineobrien.ca\/fr\/wp-json\/wp\/v2\/pages\/1438","targetHints":{"allow":["GET"]}}],"collection":[{"href":"https:\/\/katharineobrien.ca\/fr\/wp-json\/wp\/v2\/pages"}],"about":[{"href":"https:\/\/katharineobrien.ca\/fr\/wp-json\/wp\/v2\/types\/page"}],"author":[{"embeddable":true,"href":"https:\/\/katharineobrien.ca\/fr\/wp-json\/wp\/v2\/users\/1"}],"replies":[{"embeddable":true,"href":"https:\/\/katharineobrien.ca\/fr\/wp-json\/wp\/v2\/comments?post=1438"}],"version-history":[{"count":19,"href":"https:\/\/katharineobrien.ca\/fr\/wp-json\/wp\/v2\/pages\/1438\/revisions"}],"predecessor-version":[{"id":1595,"href":"https:\/\/katharineobrien.ca\/fr\/wp-json\/wp\/v2\/pages\/1438\/revisions\/1595"}],"wp:attachment":[{"href":"https:\/\/katharineobrien.ca\/fr\/wp-json\/wp\/v2\/media?parent=1438"}],"curies":[{"name":"wp","href":"https:\/\/api.w.org\/{rel}","templated":true}]}}